{"id":3280,"date":"2025-06-25T16:27:43","date_gmt":"2025-06-25T13:27:43","guid":{"rendered":"https:\/\/turisms.adazi.lv\/?page_id=3280"},"modified":"2026-04-07T09:54:04","modified_gmt":"2026-04-07T06:54:04","slug":"maps-and-brochures","status":"publish","type":"page","link":"https:\/\/turisms.adazi.lv\/en\/maps-and-brochures\/","title":{"rendered":"Maps and brochures"},"content":{"rendered":"\n<div class=\"wp-block-media-text is-stacked-on-mobile is-vertically-aligned-top\"><figure class=\"wp-block-media-text__media\"><img loading=\"lazy\" decoding=\"async\" width=\"810\" height=\"608\" src=\"https:\/\/turisms.adazi.lv\/wp-content\/uploads\/2025\/07\/525301423_1271850768319239_1423587379231827313_n-1.jpg\" alt=\"\" class=\"wp-image-3518 size-full\" srcset=\"https:\/\/turisms.adazi.lv\/wp-content\/uploads\/2025\/07\/525301423_1271850768319239_1423587379231827313_n-1.jpg 810w, https:\/\/turisms.adazi.lv\/wp-content\/uploads\/2025\/07\/525301423_1271850768319239_1423587379231827313_n-1-300x225.jpg 300w, https:\/\/turisms.adazi.lv\/wp-content\/uploads\/2025\/07\/525301423_1271850768319239_1423587379231827313_n-1-768x576.jpg 768w\" sizes=\"auto, (max-width: 810px) 100vw, 810px\" \/><\/figure><div class=\"wp-block-media-text__content\">\n<p class=\"has-large-font-size\"><strong>Cycling Route with Audio Guide<\/strong><\/p>\n\n\n\n<p><strong>In collaboration with the Carnikava Local History Centre, the first audio guide in \u0100da\u017ei Municipality has been developed, inviting visitors to explore the region\u2019s cultural and historical heritage by bike.<\/strong><\/p>\n\n\n\n<p>The route (<strong><em>approximately 12 km<\/em><\/strong>) leads through the most significant cultural and historical sites in \u0100da\u017ei Parish \u2013 from former manor estates and Soviet-era buildings to contemporary landmarks. It is suitable for families, students, history enthusiasts, and anyone wishing to discover \u0100da\u017ei as a place full of stories, not just a dot on the map.<\/p>\n\n\n\n<p><strong>The audio guide is available for free via the \u201cizi.Travel\u201d app.<br>Search for:<br>\u201c\u0100da\u017ei: Manors, Rafters, Innovations\u201d<br>or <em>use the direct link<\/em>: <\/strong><mark style=\"background-color:rgba(0, 0, 0, 0)\" class=\"has-inline-color has-vivid-cyan-blue-color\"><a href=\"https:\/\/izi.travel\/en\/browse\/f8a14bd6-4c14-4655-8134-ea27cb88d704\/en\">https:\/\/ej.uz\/audiogidsmuizasplostnieki<\/a><\/mark><\/p>\n\n\n\n<p>The route is circular \u2013 it starts and ends in the centre of \u0100da\u017ei, at L\u012bgo Square. The full experience takes approximately 1.5 to 2 hours. Available in both Latvian and English.<\/p>\n<\/div><\/div>\n\n\n\n<div style=\"height:100px\" aria-hidden=\"true\" class=\"wp-block-spacer\"><\/div>\n\n\n\n<div class=\"wp-block-media-text has-media-on-the-right is-stacked-on-mobile is-vertically-aligned-top\"><div class=\"wp-block-media-text__content\">\n<p class=\"has-large-font-size\"><strong>&#8220;Green Way&#8221; \u2013 Walking and Cycling Route<\/strong><\/p>\n\n\n\n<p><strong>In \u0100da\u017ei Municipality, a 13.5 km long protective dam stretches from the Gauja Bridge near Kadaga to Carnikava Beach \u2013 a safe and scenic route ideal for walking and cycling.<\/strong><\/p>\n\n\n\n<p>The dam connects \u0100da\u017ei and Carnikava and is suitable for families, cyclists, and pet owners. Beautiful views of the Gauja River can be enjoyed year-round.<\/p>\n\n\n\n<p><strong>Route information:<\/strong><\/p>\n\n\n\n<ul class=\"wp-block-list\">\n<li><strong>Start\/End:<\/strong> Gauja Bridge \u2013 Carnikava Beach<\/li>\n\n\n\n<li><strong>Length:<\/strong> 13.5 km (~1.5\u20132 hours by bike)<\/li>\n\n\n\n<li><strong>Difficulty:<\/strong> Moderately easy<\/li>\n\n\n\n<li><strong>Access points:<\/strong> Several entry points along the route<\/li>\n\n\n\n<li><strong>Carnikava section:<\/strong> Gauja Promenade<\/li>\n\n\n\n<li><strong>To the sea:<\/strong> Turn right onto Carnikava Promenade<\/li>\n<\/ul>\n\n\n\n<div class=\"wp-block-group is-vertical is-layout-flex wp-container-core-group-is-layout-8cf370e7 wp-block-group-is-layout-flex\">\n<p><strong>Map:<\/strong> <a class=\"\" href=\"https:\/\/ej.uz\/gecz\">https:\/\/ej.uz\/gecz<\/a><\/p>\n\n\n\n<p><strong><em>The route is available <a href=\"https:\/\/www.adazunovads.lv\/lv\/media\/45555\/download\">here<\/a>.<\/em><\/strong><\/p>\n<\/div>\n<\/div><figure class=\"wp-block-media-text__media\"><img loading=\"lazy\" decoding=\"async\" width=\"587\" height=\"834\" src=\"https:\/\/turisms.adazi.lv\/wp-content\/uploads\/2025\/07\/zalais-cels-1.png\" alt=\"\" class=\"wp-image-3530 size-full\" srcset=\"https:\/\/turisms.adazi.lv\/wp-content\/uploads\/2025\/07\/zalais-cels-1.png 587w, https:\/\/turisms.adazi.lv\/wp-content\/uploads\/2025\/07\/zalais-cels-1-211x300.png 211w\" sizes=\"auto, (max-width: 587px) 100vw, 587px\" \/><\/figure><\/div>\n\n\n\n<div style=\"height:100px\" aria-hidden=\"true\" class=\"wp-block-spacer\"><\/div>\n\n\n\n<div class=\"wp-block-media-text is-stacked-on-mobile is-vertically-aligned-top\"><figure class=\"wp-block-media-text__media\"><img loading=\"lazy\" decoding=\"async\" width=\"492\" height=\"686\" src=\"https:\/\/turisms.adazi.lv\/wp-content\/uploads\/2025\/07\/carnikavas-pastaigu-taka.png\" alt=\"\" class=\"wp-image-3531 size-full\" srcset=\"https:\/\/turisms.adazi.lv\/wp-content\/uploads\/2025\/07\/carnikavas-pastaigu-taka.png 492w, https:\/\/turisms.adazi.lv\/wp-content\/uploads\/2025\/07\/carnikavas-pastaigu-taka-215x300.png 215w\" sizes=\"auto, (max-width: 492px) 100vw, 492px\" \/><\/figure><div class=\"wp-block-media-text__content\">\n<p class=\"has-large-font-size\"><strong>&#8220;Carnikava Walking Map&#8221; \u2013 Walking and Cycling Route<\/strong><\/p>\n\n\n\n<p><strong>Carnikava offers a special walking route approximately 10 km long, designed to showcase the village\u2019s cultural, historical, and natural heritage. This peaceful and educational route is suitable for a wide range of visitors \u2013 both locals and tourists.<\/strong><\/p>\n\n\n\n<p>The trail passes notable cultural landmarks and scenic natural spots. A portion of the route runs through the \u201cPiej\u016bra\u201d Nature Park, so we kindly ask visitors to respect the environment and follow nature protection guidelines.<\/p>\n\n\n\n<div class=\"wp-block-group is-vertical is-layout-flex wp-container-core-group-is-layout-8cf370e7 wp-block-group-is-layout-flex\">\n<p><strong>Route information:<\/strong><\/p>\n\n\n\n<ul class=\"wp-block-list\">\n<li><strong>Length:<\/strong> ~10 km<\/li>\n\n\n\n<li><strong>Duration:<\/strong> Approximately 2\u20132.5 hours<\/li>\n\n\n\n<li><strong>Difficulty:<\/strong> Moderately easy<\/li>\n\n\n\n<li><strong>Accessibility:<\/strong> Partially accessible for people with mobility impairments<\/li>\n<\/ul>\n\n\n\n<p><strong>Route available <a href=\"https:\/\/www.adazunovads.lv\/lv\/media\/45552\/download\"><mark style=\"background-color:rgba(0, 0, 0, 0)\" class=\"has-inline-color has-vivid-cyan-blue-color\">here<\/mark><\/a><\/strong><\/p>\n<\/div>\n<\/div><\/div>\n\n\n\n<div style=\"height:100px\" aria-hidden=\"true\" class=\"wp-block-spacer\"><\/div>\n\n\n\n<div class=\"wp-block-media-text has-media-on-the-right is-stacked-on-mobile\"><div class=\"wp-block-media-text__content\">\n<p class=\"has-large-font-size\"><strong>Other Maps of \u0100da\u017ei Municipality<\/strong><\/p>\n\n\n\n<p><strong>To help you explore \u0100da\u017ei Municipality and its diverse offerings more easily, a selection of clear and informative maps is available. <\/strong>These maps highlight tourist attractions, points of interest, and local businesses, including addresses, contact details, and locations \u2014 perfect for planning day trips or everyday visits.<\/p>\n\n\n\n<p><strong>The maps are available digitally and can be viewed via the links below:<\/strong><\/p>\n\n\n\n<ul class=\"wp-block-list\">\n<li><strong>Nature Trails<\/strong> <mark style=\"background-color:rgba(0, 0, 0, 0)\" class=\"has-inline-color has-vivid-cyan-blue-color\">(<a href=\"https:\/\/www.adazunovads.lv\/sites\/adazunovads\/files\/media_file\/dabas_takas_web_2022_seperate.pdf\">LV<\/a>)<\/mark><\/li>\n\n\n\n<li><strong>\u0100da\u017ei Municipality Tourism Map<\/strong> <mark style=\"background-color:rgba(0, 0, 0, 0)\" class=\"has-inline-color has-vivid-cyan-blue-color\">(<a href=\"https:\/\/www.adazunovads.lv\/sites\/adazunovads\/files\/media_file\/2023_adazu_nov_turisma_karte_lv_en-merged.pdf\">LV<\/a> \/ <a href=\"https:\/\/www.adazunovads.lv\/sites\/adazunovads\/files\/media_file\/2023_adazu_nov_turisma_karte_lv_en-merged.pdf\">EN<\/a>)<\/mark><\/li>\n\n\n\n<li><strong>Carnikava and Surroundings Guide \u201cWelcome to Carnikava?\u201d<\/strong> <mark style=\"background-color:rgba(0, 0, 0, 0)\" class=\"has-inline-color has-vivid-cyan-blue-color\">(<a href=\"https:\/\/www.adazunovads.lv\/sites\/adazunovads\/files\/media_file\/carnikava_a3_lat_www_0.pdf\">LV<\/a> \/ <a href=\"https:\/\/www.adazunovads.lv\/sites\/adazunovads\/files\/media_file\/carnikava_a3_eng_www_0.pdf\">EN<\/a>)<\/mark><\/li>\n\n\n\n<li><strong>Vidzeme Coastal Map<\/strong><mark style=\"background-color:rgba(0, 0, 0, 0)\" class=\"has-inline-color has-vivid-cyan-blue-color\"> (<a href=\"https:\/\/www.adazunovads.lv\/lv\/media\/44831\/download\">LV<\/a> \/ <a href=\"https:\/\/www.adazunovads.lv\/lv\/media\/44843\/download\">EN<\/a> \/ <a href=\"https:\/\/www.adazunovads.lv\/lv\/media\/44840\/download\">LT<\/a> \/ <a href=\"https:\/\/www.adazunovads.lv\/lv\/media\/44837\/download\">EST<\/a> \/ <a href=\"https:\/\/www.adazunovads.lv\/lv\/media\/44834\/download\">DE<\/a>)<\/mark><\/li>\n\n\n\n<li><strong>What to See in \u0100da\u017ei?<\/strong> <mark style=\"background-color:rgba(0, 0, 0, 0)\" class=\"has-inline-color has-vivid-cyan-blue-color\">(<a href=\"https:\/\/www.adazunovads.lv\/sites\/adazunovads\/files\/media_file\/ko-darit-adazos_-makets-lv_-eng_final.pdf\">LV<\/a> \/<a href=\"https:\/\/www.adazunovads.lv\/sites\/adazunovads\/files\/media_file\/ko-darit-adazos_-makets-lv_-eng_final.pdf\"> EN<\/a>)<\/mark><\/li>\n\n\n\n<li><strong>EXIT R\u012aGA Map<\/strong> <mark style=\"background-color:rgba(0, 0, 0, 0)\" class=\"has-inline-color has-vivid-cyan-blue-color\">(<a href=\"https:\/\/www.adazunovads.lv\/lv\/media\/42843\/download\">LV<\/a> \/ <a href=\"https:\/\/www.adazunovads.lv\/lv\/media\/42846\/download\">EN<\/a> \/ <a href=\"https:\/\/www.adazunovads.lv\/lv\/media\/42849\/download\">EST<\/a> \/ <a href=\"https:\/\/www.adazunovads.lv\/lv\/media\/42840\/download\">LT<\/a>)<\/mark><\/li>\n\n\n\n<li><strong>Nature trails<\/strong>\u00a0<mark style=\"background-color:rgba(0, 0, 0, 0)\" class=\"has-inline-color has-vivid-cyan-blue-color\">(<a href=\"https:\/\/www.adazunovads.lv\/sites\/adazunovads\/files\/media_file\/dabas_takas_web_2022_seperate.pdf\">LV<\/a>)<\/mark>\u00a0<\/li>\n<\/ul>\n<\/div><figure class=\"wp-block-media-text__media\"><img loading=\"lazy\" decoding=\"async\" width=\"282\" height=\"590\" src=\"https:\/\/turisms.adazi.lv\/wp-content\/uploads\/2025\/07\/Ekranuznemums-2025-07-31-144134.png\" alt=\"\" class=\"wp-image-3532 size-full\" srcset=\"https:\/\/turisms.adazi.lv\/wp-content\/uploads\/2025\/07\/Ekranuznemums-2025-07-31-144134.png 282w, https:\/\/turisms.adazi.lv\/wp-content\/uploads\/2025\/07\/Ekranuznemums-2025-07-31-144134-143x300.png 143w\" sizes=\"auto, (max-width: 282px) 100vw, 282px\" \/><\/figure><\/div>\n\n\n\n<p><\/p>\n","protected":false},"excerpt":{"rendered":"<p>Cycling Route with Audio Guide In collaboration with the Carnikava Local History Centre, the first audio guide in \u0100da\u017ei Municipality has been developed, inviting visitors to explore the region\u2019s cultural and historical heritage by bike. The route (approximately 12 km) leads through the most significant cultural and historical sites in \u0100da\u017ei Parish \u2013 from former [&hellip;]<\/p>\n","protected":false},"author":1,"featured_media":3118,"parent":0,"menu_order":0,"comment_status":"closed","ping_status":"closed","template":"","meta":{"_acf_changed":false,"footnotes":""},"class_list":["post-3280","page","type-page","status-publish","has-post-thumbnail","hentry"],"acf":[],"yoast_head":"<!-- This site is optimized with the Yoast SEO plugin v26.6 - https:\/\/yoast.com\/wordpress\/plugins\/seo\/ -->\n<title>Maps and brochures - Tourism<\/title>\n<meta name=\"robots\" content=\"index, follow, max-snippet:-1, max-image-preview:large, max-video-preview:-1\" \/>\n<link rel=\"canonical\" href=\"https:\/\/turisms.adazi.lv\/en\/maps-and-brochures\/\" \/>\n<meta property=\"og:locale\" content=\"en_US\" \/>\n<meta property=\"og:type\" content=\"article\" \/>\n<meta property=\"og:title\" content=\"Maps and brochures - Tourism\" \/>\n<meta property=\"og:description\" content=\"Cycling Route with Audio Guide In collaboration with the Carnikava Local History Centre, the first audio guide in \u0100da\u017ei Municipality has been developed, inviting visitors to explore the region\u2019s cultural and historical heritage by bike. The route (approximately 12 km) leads through the most significant cultural and historical sites in \u0100da\u017ei Parish \u2013 from former [&hellip;]\" \/>\n<meta property=\"og:url\" content=\"https:\/\/turisms.adazi.lv\/en\/maps-and-brochures\/\" \/>\n<meta property=\"og:site_name\" content=\"Tourism\" \/>\n<meta property=\"article:modified_time\" content=\"2026-04-07T06:54:04+00:00\" \/>\n<meta property=\"og:image\" content=\"https:\/\/turisms.adazi.lv\/wp-content\/uploads\/2025\/06\/slide1-scaled.jpg\" \/>\n\t<meta property=\"og:image:width\" content=\"2560\" \/>\n\t<meta property=\"og:image:height\" content=\"1708\" \/>\n\t<meta property=\"og:image:type\" content=\"image\/jpeg\" \/>\n<meta name=\"twitter:card\" content=\"summary_large_image\" \/>\n<meta name=\"twitter:label1\" content=\"Est. reading time\" \/>\n\t<meta name=\"twitter:data1\" content=\"4 minutes\" \/>\n<script type=\"application\/ld+json\" class=\"yoast-schema-graph\">{\"@context\":\"https:\/\/schema.org\",\"@graph\":[{\"@type\":\"WebPage\",\"@id\":\"https:\/\/turisms.adazi.lv\/en\/maps-and-brochures\/\",\"url\":\"https:\/\/turisms.adazi.lv\/en\/maps-and-brochures\/\",\"name\":\"Maps and brochures - Tourism\",\"isPartOf\":{\"@id\":\"https:\/\/turisms.adazi.lv\/en\/#website\"},\"primaryImageOfPage\":{\"@id\":\"https:\/\/turisms.adazi.lv\/en\/maps-and-brochures\/#primaryimage\"},\"image\":{\"@id\":\"https:\/\/turisms.adazi.lv\/en\/maps-and-brochures\/#primaryimage\"},\"thumbnailUrl\":\"https:\/\/turisms.adazi.lv\/wp-content\/uploads\/2025\/06\/slide1-scaled.jpg\",\"datePublished\":\"2025-06-25T13:27:43+00:00\",\"dateModified\":\"2026-04-07T06:54:04+00:00\",\"breadcrumb\":{\"@id\":\"https:\/\/turisms.adazi.lv\/en\/maps-and-brochures\/#breadcrumb\"},\"inLanguage\":\"en-US\",\"potentialAction\":[{\"@type\":\"ReadAction\",\"target\":[\"https:\/\/turisms.adazi.lv\/en\/maps-and-brochures\/\"]}]},{\"@type\":\"ImageObject\",\"inLanguage\":\"en-US\",\"@id\":\"https:\/\/turisms.adazi.lv\/en\/maps-and-brochures\/#primaryimage\",\"url\":\"https:\/\/turisms.adazi.lv\/wp-content\/uploads\/2025\/06\/slide1-scaled.jpg\",\"contentUrl\":\"https:\/\/turisms.adazi.lv\/wp-content\/uploads\/2025\/06\/slide1-scaled.jpg\",\"width\":2560,\"height\":1708},{\"@type\":\"BreadcrumbList\",\"@id\":\"https:\/\/turisms.adazi.lv\/en\/maps-and-brochures\/#breadcrumb\",\"itemListElement\":[{\"@type\":\"ListItem\",\"position\":1,\"name\":\"Home\",\"item\":\"https:\/\/turisms.adazi.lv\/en\/\"},{\"@type\":\"ListItem\",\"position\":2,\"name\":\"Maps and brochures\"}]},{\"@type\":\"WebSite\",\"@id\":\"https:\/\/turisms.adazi.lv\/en\/#website\",\"url\":\"https:\/\/turisms.adazi.lv\/en\/\",\"name\":\"Tourism\",\"description\":\"\u0100da\u017eu novads\",\"potentialAction\":[{\"@type\":\"SearchAction\",\"target\":{\"@type\":\"EntryPoint\",\"urlTemplate\":\"https:\/\/turisms.adazi.lv\/en\/?s={search_term_string}\"},\"query-input\":{\"@type\":\"PropertyValueSpecification\",\"valueRequired\":true,\"valueName\":\"search_term_string\"}}],\"inLanguage\":\"en-US\"}]}<\/script>\n<!-- \/ Yoast SEO plugin. -->","yoast_head_json":{"title":"Maps and brochures - Tourism","robots":{"index":"index","follow":"follow","max-snippet":"max-snippet:-1","max-image-preview":"max-image-preview:large","max-video-preview":"max-video-preview:-1"},"canonical":"https:\/\/turisms.adazi.lv\/en\/maps-and-brochures\/","og_locale":"en_US","og_type":"article","og_title":"Maps and brochures - Tourism","og_description":"Cycling Route with Audio Guide In collaboration with the Carnikava Local History Centre, the first audio guide in \u0100da\u017ei Municipality has been developed, inviting visitors to explore the region\u2019s cultural and historical heritage by bike. The route (approximately 12 km) leads through the most significant cultural and historical sites in \u0100da\u017ei Parish \u2013 from former [&hellip;]","og_url":"https:\/\/turisms.adazi.lv\/en\/maps-and-brochures\/","og_site_name":"Tourism","article_modified_time":"2026-04-07T06:54:04+00:00","og_image":[{"width":2560,"height":1708,"url":"https:\/\/turisms.adazi.lv\/wp-content\/uploads\/2025\/06\/slide1-scaled.jpg","type":"image\/jpeg"}],"twitter_card":"summary_large_image","twitter_misc":{"Est. reading time":"4 minutes"},"schema":{"@context":"https:\/\/schema.org","@graph":[{"@type":"WebPage","@id":"https:\/\/turisms.adazi.lv\/en\/maps-and-brochures\/","url":"https:\/\/turisms.adazi.lv\/en\/maps-and-brochures\/","name":"Maps and brochures - Tourism","isPartOf":{"@id":"https:\/\/turisms.adazi.lv\/en\/#website"},"primaryImageOfPage":{"@id":"https:\/\/turisms.adazi.lv\/en\/maps-and-brochures\/#primaryimage"},"image":{"@id":"https:\/\/turisms.adazi.lv\/en\/maps-and-brochures\/#primaryimage"},"thumbnailUrl":"https:\/\/turisms.adazi.lv\/wp-content\/uploads\/2025\/06\/slide1-scaled.jpg","datePublished":"2025-06-25T13:27:43+00:00","dateModified":"2026-04-07T06:54:04+00:00","breadcrumb":{"@id":"https:\/\/turisms.adazi.lv\/en\/maps-and-brochures\/#breadcrumb"},"inLanguage":"en-US","potentialAction":[{"@type":"ReadAction","target":["https:\/\/turisms.adazi.lv\/en\/maps-and-brochures\/"]}]},{"@type":"ImageObject","inLanguage":"en-US","@id":"https:\/\/turisms.adazi.lv\/en\/maps-and-brochures\/#primaryimage","url":"https:\/\/turisms.adazi.lv\/wp-content\/uploads\/2025\/06\/slide1-scaled.jpg","contentUrl":"https:\/\/turisms.adazi.lv\/wp-content\/uploads\/2025\/06\/slide1-scaled.jpg","width":2560,"height":1708},{"@type":"BreadcrumbList","@id":"https:\/\/turisms.adazi.lv\/en\/maps-and-brochures\/#breadcrumb","itemListElement":[{"@type":"ListItem","position":1,"name":"Home","item":"https:\/\/turisms.adazi.lv\/en\/"},{"@type":"ListItem","position":2,"name":"Maps and brochures"}]},{"@type":"WebSite","@id":"https:\/\/turisms.adazi.lv\/en\/#website","url":"https:\/\/turisms.adazi.lv\/en\/","name":"Tourism","description":"\u0100da\u017eu novads","potentialAction":[{"@type":"SearchAction","target":{"@type":"EntryPoint","urlTemplate":"https:\/\/turisms.adazi.lv\/en\/?s={search_term_string}"},"query-input":{"@type":"PropertyValueSpecification","valueRequired":true,"valueName":"search_term_string"}}],"inLanguage":"en-US"}]}},"_links":{"self":[{"href":"https:\/\/turisms.adazi.lv\/en\/wp-json\/wp\/v2\/pages\/3280","targetHints":{"allow":["GET"]}}],"collection":[{"href":"https:\/\/turisms.adazi.lv\/en\/wp-json\/wp\/v2\/pages"}],"about":[{"href":"https:\/\/turisms.adazi.lv\/en\/wp-json\/wp\/v2\/types\/page"}],"author":[{"embeddable":true,"href":"https:\/\/turisms.adazi.lv\/en\/wp-json\/wp\/v2\/users\/1"}],"replies":[{"embeddable":true,"href":"https:\/\/turisms.adazi.lv\/en\/wp-json\/wp\/v2\/comments?post=3280"}],"version-history":[{"count":3,"href":"https:\/\/turisms.adazi.lv\/en\/wp-json\/wp\/v2\/pages\/3280\/revisions"}],"predecessor-version":[{"id":4275,"href":"https:\/\/turisms.adazi.lv\/en\/wp-json\/wp\/v2\/pages\/3280\/revisions\/4275"}],"wp:featuredmedia":[{"embeddable":true,"href":"https:\/\/turisms.adazi.lv\/en\/wp-json\/wp\/v2\/media\/3118"}],"wp:attachment":[{"href":"https:\/\/turisms.adazi.lv\/en\/wp-json\/wp\/v2\/media?parent=3280"}],"curies":[{"name":"wp","href":"https:\/\/api.w.org\/{rel}","templated":true}]}}