{"id":3275,"date":"2025-06-25T16:26:28","date_gmt":"2025-06-25T13:26:28","guid":{"rendered":"https:\/\/turisms.adazi.lv\/?page_id=3275"},"modified":"2025-08-05T15:20:09","modified_gmt":"2025-08-05T12:20:09","slug":"tourist-information-center","status":"publish","type":"page","link":"https:\/\/turisms.adazi.lv\/en\/tourist-information-center\/","title":{"rendered":"Tourist Information Center"},"content":{"rendered":"\n<div class=\"wp-block-media-text is-stacked-on-mobile is-vertically-aligned-top\"><figure class=\"wp-block-media-text__media\"><img loading=\"lazy\" decoding=\"async\" width=\"699\" height=\"394\" src=\"https:\/\/turisms.adazi.lv\/wp-content\/uploads\/2025\/07\/carnikavas_ic_2021.jpg\" alt=\"\" class=\"wp-image-3482 size-full\" srcset=\"https:\/\/turisms.adazi.lv\/wp-content\/uploads\/2025\/07\/carnikavas_ic_2021.jpg 699w, https:\/\/turisms.adazi.lv\/wp-content\/uploads\/2025\/07\/carnikavas_ic_2021-300x169.jpg 300w\" sizes=\"auto, (max-width: 699px) 100vw, 699px\" \/><\/figure><div class=\"wp-block-media-text__content\">\n<p><strong>\u0100da\u017ei Municipality Tourism Information Centre, located in Carnikava, provides visitors and tourists with comprehensive information about tourism opportunities in the \u0100da\u017ei region. The centre offers details on recreational and sightseeing locations, accommodation options, transportation, and travel routes, tailoring its services to suit various target audiences.<\/strong><\/p>\n\n\n\n<p>The centre actively collaborates with local and external institutions, fostering partnerships with other regions and cities to enhance the overall tourism offer.<\/p>\n\n\n\n<p><strong>Address:<\/strong> R\u012bgas iela 16, Carnikava, Carnikava Parish, \u0100da\u017ei Municipality, LV-2163<\/p>\n\n\n\n<div class=\"wp-block-group is-vertical is-layout-flex wp-container-core-group-is-layout-8cf370e7 wp-block-group-is-layout-flex\">\n<p><strong>Contact information:<\/strong><\/p>\n\n\n\n<ul class=\"wp-block-list\">\n<li><strong>Facebook:<\/strong> <a href=\"https:\/\/www.facebook.com\/carnikava.tic\">Carnikava TIC<\/a><\/li>\n\n\n\n<li><strong>Phone:<\/strong> +371 29326285<\/li>\n\n\n\n<li><strong>Email:<\/strong> <a>tic@carnikava.lv<\/a><\/li>\n<\/ul>\n<\/div>\n\n\n\n<div class=\"wp-block-group is-vertical is-layout-flex wp-container-core-group-is-layout-8cf370e7 wp-block-group-is-layout-flex\">\n<p><strong>Opening hours:<\/strong><\/p>\n\n\n\n<ul class=\"wp-block-list\">\n<li><strong>Tuesday to Saturday:<\/strong> 9:00 AM \u2013 5:30 PM<\/li>\n\n\n\n<li><strong>Lunch break:<\/strong> 12:00 PM \u2013 12:30 PM<\/li>\n\n\n\n<li><strong>Closed on Mondays and Sundays<\/strong><\/li>\n<\/ul>\n<\/div>\n\n\n\n<p><\/p>\n<\/div><\/div>\n","protected":false},"excerpt":{"rendered":"","protected":false},"author":1,"featured_media":3480,"parent":0,"menu_order":0,"comment_status":"closed","ping_status":"closed","template":"","meta":{"_acf_changed":false,"footnotes":""},"class_list":["post-3275","page","type-page","status-publish","has-post-thumbnail","hentry"],"acf":[],"yoast_head":"<!-- This site is optimized with the Yoast SEO plugin v27.3 - https:\/\/yoast.com\/product\/yoast-seo-wordpress\/ -->\n<title>Tourist Information Center - Tourism<\/title>\n<meta name=\"robots\" content=\"index, follow, max-snippet:-1, max-image-preview:large, max-video-preview:-1\" \/>\n<link rel=\"canonical\" href=\"https:\/\/turisms.adazi.lv\/en\/tourist-information-center\/\" \/>\n<meta property=\"og:locale\" content=\"en_US\" \/>\n<meta property=\"og:type\" content=\"article\" \/>\n<meta property=\"og:title\" content=\"Tourist Information Center - Tourism\" \/>\n<meta property=\"og:url\" content=\"https:\/\/turisms.adazi.lv\/en\/tourist-information-center\/\" \/>\n<meta property=\"og:site_name\" content=\"Tourism\" \/>\n<meta property=\"article:modified_time\" content=\"2025-08-05T12:20:09+00:00\" \/>\n<meta property=\"og:image\" content=\"https:\/\/turisms.adazi.lv\/wp-content\/uploads\/2025\/07\/347103247_248105601199024_3755426157246420186_n.jpg\" \/>\n\t<meta property=\"og:image:width\" content=\"940\" \/>\n\t<meta property=\"og:image:height\" content=\"788\" \/>\n\t<meta property=\"og:image:type\" content=\"image\/jpeg\" \/>\n<meta name=\"twitter:card\" content=\"summary_large_image\" \/>\n<meta name=\"twitter:label1\" content=\"Est. reading time\" \/>\n\t<meta name=\"twitter:data1\" content=\"1 minute\" \/>\n<script type=\"application\/ld+json\" class=\"yoast-schema-graph\">{\"@context\":\"https:\\\/\\\/schema.org\",\"@graph\":[{\"@type\":\"WebPage\",\"@id\":\"https:\\\/\\\/turisms.adazi.lv\\\/en\\\/tourist-information-center\\\/\",\"url\":\"https:\\\/\\\/turisms.adazi.lv\\\/en\\\/tourist-information-center\\\/\",\"name\":\"Tourist Information Center - Tourism\",\"isPartOf\":{\"@id\":\"https:\\\/\\\/turisms.adazi.lv\\\/en\\\/#website\"},\"primaryImageOfPage\":{\"@id\":\"https:\\\/\\\/turisms.adazi.lv\\\/en\\\/tourist-information-center\\\/#primaryimage\"},\"image\":{\"@id\":\"https:\\\/\\\/turisms.adazi.lv\\\/en\\\/tourist-information-center\\\/#primaryimage\"},\"thumbnailUrl\":\"https:\\\/\\\/turisms.adazi.lv\\\/wp-content\\\/uploads\\\/2025\\\/07\\\/347103247_248105601199024_3755426157246420186_n.jpg\",\"datePublished\":\"2025-06-25T13:26:28+00:00\",\"dateModified\":\"2025-08-05T12:20:09+00:00\",\"breadcrumb\":{\"@id\":\"https:\\\/\\\/turisms.adazi.lv\\\/en\\\/tourist-information-center\\\/#breadcrumb\"},\"inLanguage\":\"en-US\",\"potentialAction\":[{\"@type\":\"ReadAction\",\"target\":[\"https:\\\/\\\/turisms.adazi.lv\\\/en\\\/tourist-information-center\\\/\"]}]},{\"@type\":\"ImageObject\",\"inLanguage\":\"en-US\",\"@id\":\"https:\\\/\\\/turisms.adazi.lv\\\/en\\\/tourist-information-center\\\/#primaryimage\",\"url\":\"https:\\\/\\\/turisms.adazi.lv\\\/wp-content\\\/uploads\\\/2025\\\/07\\\/347103247_248105601199024_3755426157246420186_n.jpg\",\"contentUrl\":\"https:\\\/\\\/turisms.adazi.lv\\\/wp-content\\\/uploads\\\/2025\\\/07\\\/347103247_248105601199024_3755426157246420186_n.jpg\",\"width\":940,\"height\":788},{\"@type\":\"BreadcrumbList\",\"@id\":\"https:\\\/\\\/turisms.adazi.lv\\\/en\\\/tourist-information-center\\\/#breadcrumb\",\"itemListElement\":[{\"@type\":\"ListItem\",\"position\":1,\"name\":\"Home\",\"item\":\"https:\\\/\\\/turisms.adazi.lv\\\/en\\\/\"},{\"@type\":\"ListItem\",\"position\":2,\"name\":\"Tourist Information Center\"}]},{\"@type\":\"WebSite\",\"@id\":\"https:\\\/\\\/turisms.adazi.lv\\\/en\\\/#website\",\"url\":\"https:\\\/\\\/turisms.adazi.lv\\\/en\\\/\",\"name\":\"Tourism\",\"description\":\"\u0100da\u017eu novads\",\"potentialAction\":[{\"@type\":\"SearchAction\",\"target\":{\"@type\":\"EntryPoint\",\"urlTemplate\":\"https:\\\/\\\/turisms.adazi.lv\\\/en\\\/?s={search_term_string}\"},\"query-input\":{\"@type\":\"PropertyValueSpecification\",\"valueRequired\":true,\"valueName\":\"search_term_string\"}}],\"inLanguage\":\"en-US\"}]}<\/script>\n<!-- \/ Yoast SEO plugin. -->","yoast_head_json":{"title":"Tourist Information Center - Tourism","robots":{"index":"index","follow":"follow","max-snippet":"max-snippet:-1","max-image-preview":"max-image-preview:large","max-video-preview":"max-video-preview:-1"},"canonical":"https:\/\/turisms.adazi.lv\/en\/tourist-information-center\/","og_locale":"en_US","og_type":"article","og_title":"Tourist Information Center - Tourism","og_url":"https:\/\/turisms.adazi.lv\/en\/tourist-information-center\/","og_site_name":"Tourism","article_modified_time":"2025-08-05T12:20:09+00:00","og_image":[{"width":940,"height":788,"url":"https:\/\/turisms.adazi.lv\/wp-content\/uploads\/2025\/07\/347103247_248105601199024_3755426157246420186_n.jpg","type":"image\/jpeg"}],"twitter_card":"summary_large_image","twitter_misc":{"Est. reading time":"1 minute"},"schema":{"@context":"https:\/\/schema.org","@graph":[{"@type":"WebPage","@id":"https:\/\/turisms.adazi.lv\/en\/tourist-information-center\/","url":"https:\/\/turisms.adazi.lv\/en\/tourist-information-center\/","name":"Tourist Information Center - Tourism","isPartOf":{"@id":"https:\/\/turisms.adazi.lv\/en\/#website"},"primaryImageOfPage":{"@id":"https:\/\/turisms.adazi.lv\/en\/tourist-information-center\/#primaryimage"},"image":{"@id":"https:\/\/turisms.adazi.lv\/en\/tourist-information-center\/#primaryimage"},"thumbnailUrl":"https:\/\/turisms.adazi.lv\/wp-content\/uploads\/2025\/07\/347103247_248105601199024_3755426157246420186_n.jpg","datePublished":"2025-06-25T13:26:28+00:00","dateModified":"2025-08-05T12:20:09+00:00","breadcrumb":{"@id":"https:\/\/turisms.adazi.lv\/en\/tourist-information-center\/#breadcrumb"},"inLanguage":"en-US","potentialAction":[{"@type":"ReadAction","target":["https:\/\/turisms.adazi.lv\/en\/tourist-information-center\/"]}]},{"@type":"ImageObject","inLanguage":"en-US","@id":"https:\/\/turisms.adazi.lv\/en\/tourist-information-center\/#primaryimage","url":"https:\/\/turisms.adazi.lv\/wp-content\/uploads\/2025\/07\/347103247_248105601199024_3755426157246420186_n.jpg","contentUrl":"https:\/\/turisms.adazi.lv\/wp-content\/uploads\/2025\/07\/347103247_248105601199024_3755426157246420186_n.jpg","width":940,"height":788},{"@type":"BreadcrumbList","@id":"https:\/\/turisms.adazi.lv\/en\/tourist-information-center\/#breadcrumb","itemListElement":[{"@type":"ListItem","position":1,"name":"Home","item":"https:\/\/turisms.adazi.lv\/en\/"},{"@type":"ListItem","position":2,"name":"Tourist Information Center"}]},{"@type":"WebSite","@id":"https:\/\/turisms.adazi.lv\/en\/#website","url":"https:\/\/turisms.adazi.lv\/en\/","name":"Tourism","description":"\u0100da\u017eu novads","potentialAction":[{"@type":"SearchAction","target":{"@type":"EntryPoint","urlTemplate":"https:\/\/turisms.adazi.lv\/en\/?s={search_term_string}"},"query-input":{"@type":"PropertyValueSpecification","valueRequired":true,"valueName":"search_term_string"}}],"inLanguage":"en-US"}]}},"_links":{"self":[{"href":"https:\/\/turisms.adazi.lv\/en\/wp-json\/wp\/v2\/pages\/3275","targetHints":{"allow":["GET"]}}],"collection":[{"href":"https:\/\/turisms.adazi.lv\/en\/wp-json\/wp\/v2\/pages"}],"about":[{"href":"https:\/\/turisms.adazi.lv\/en\/wp-json\/wp\/v2\/types\/page"}],"author":[{"embeddable":true,"href":"https:\/\/turisms.adazi.lv\/en\/wp-json\/wp\/v2\/users\/1"}],"replies":[{"embeddable":true,"href":"https:\/\/turisms.adazi.lv\/en\/wp-json\/wp\/v2\/comments?post=3275"}],"version-history":[{"count":2,"href":"https:\/\/turisms.adazi.lv\/en\/wp-json\/wp\/v2\/pages\/3275\/revisions"}],"predecessor-version":[{"id":3562,"href":"https:\/\/turisms.adazi.lv\/en\/wp-json\/wp\/v2\/pages\/3275\/revisions\/3562"}],"wp:featuredmedia":[{"embeddable":true,"href":"https:\/\/turisms.adazi.lv\/en\/wp-json\/wp\/v2\/media\/3480"}],"wp:attachment":[{"href":"https:\/\/turisms.adazi.lv\/en\/wp-json\/wp\/v2\/media?parent=3275"}],"curies":[{"name":"wp","href":"https:\/\/api.w.org\/{rel}","templated":true}]}}