{"id":3270,"date":"2025-06-25T16:24:30","date_gmt":"2025-06-25T13:24:30","guid":{"rendered":"https:\/\/turisms.adazi.lv\/?page_id=3270"},"modified":"2025-08-06T10:35:17","modified_gmt":"2025-08-06T07:35:17","slug":"carnikava-and-carnikava-parish","status":"publish","type":"page","link":"https:\/\/turisms.adazi.lv\/en\/carnikava-and-carnikava-parish\/","title":{"rendered":"Carnikava and Carnikava parish"},"content":{"rendered":"\n<div class=\"wp-block-media-text is-stacked-on-mobile is-vertically-aligned-top\"><figure class=\"wp-block-media-text__media\"><img loading=\"lazy\" decoding=\"async\" width=\"1024\" height=\"682\" src=\"https:\/\/turisms.adazi.lv\/wp-content\/uploads\/2025\/07\/2-1-1024x682.jpg\" alt=\"\" class=\"wp-image-3474 size-full\" srcset=\"https:\/\/turisms.adazi.lv\/wp-content\/uploads\/2025\/07\/2-1-1024x682.jpg 1024w, https:\/\/turisms.adazi.lv\/wp-content\/uploads\/2025\/07\/2-1-300x200.jpg 300w, https:\/\/turisms.adazi.lv\/wp-content\/uploads\/2025\/07\/2-1-768x512.jpg 768w, https:\/\/turisms.adazi.lv\/wp-content\/uploads\/2025\/07\/2-1-1536x1024.jpg 1536w, https:\/\/turisms.adazi.lv\/wp-content\/uploads\/2025\/07\/2-1-1200x800.jpg 1200w, https:\/\/turisms.adazi.lv\/wp-content\/uploads\/2025\/07\/2-1.jpg 2000w\" sizes=\"auto, (max-width: 1024px) 100vw, 1024px\" \/><\/figure><div class=\"wp-block-media-text__content\">\n<p><strong>Carnikava Parish is the most populous territorial unit of \u0100da\u017ei Municipality, with over 9,700 residents living across its 80 km\u00b2 area. During the summer season, the population increases significantly as summerhouse owners and vacationers from all over Latvia return.<\/strong><\/p>\n\n\n\n<p>Carnikava Parish includes several important settlements, among them the largest villages \u2014 Carnikava, Garciems, Gauja, Kalngale, Garupe, and Sigu\u013ci. One of the parish\u2019s most notable natural features is the \u201cPiej\u016bra\u201d Nature Park, which covers one-fifth of the parish and stretches along 19 km of coastline.<\/p>\n\n\n\n<p>The parish center is the seaside village of Carnikava, located where the Gauja River flows into the Gulf of Riga. This is a uniquely scenic area where river, sea, meadows, and forests meet \u2014 an ideal environment for peaceful relaxation in nature. Here you will find a wide beach, a promenade, fishing cultural heritage, as well as nature parks and cycling routes.<\/p>\n\n\n\n<p>Carnikava Parish is especially suited for nature tourists, families, and active lifestyle enthusiasts. The Gauja Lower River Nature Park, eel fishing traditions, open-air events, and local artisan markets create an authentic seaside experience just outside Riga.<\/p>\n<\/div><\/div>\n\n\n\n<div style=\"height:100px\" aria-hidden=\"true\" class=\"wp-block-spacer\"><\/div>\n\n\n\n<div class=\"wp-block-media-text has-media-on-the-right is-stacked-on-mobile is-vertically-aligned-top\"><div class=\"wp-block-media-text__content\">\n<p><strong><em>History and Values of Carnikava and Carnikava Municipality<\/em><\/strong><\/p>\n\n\n\n<p><strong>Carnikava is one of Latvia\u2019s oldest villages, first mentioned in 1211 in Henry of Livonia\u2019s Chronicle. The village developed around the Carnikava manor, and its manor park has been preserved in the village center to this day.<\/strong><\/p>\n\n\n\n<p>Carnikava Parish was established in 1992 when it separated from \u0100da\u017ei Parish. From 2009 to 2021, Carnikava was an independent municipality, after which it merged with \u0100da\u017ei Municipality to form the current \u0100da\u017ei Municipality.<\/p>\n\n\n\n<p><strong>Carnikava is also known for its traditional lamprey fishing heritage, which is included in Latvia\u2019s Intangible Cultural Heritage list<\/strong>. Lamprey fishing, carried out according to ancient traditions, is one of Carnikava\u2019s historic and cultural features that attract both locals and tourists. Natural assets, such as the \u201cPiej\u016bra\u201d Nature Park \u2014 covering 19 km of coastline \u2014 further enhance the parish\u2019s significance as a tourist destination.<\/p>\n<\/div><figure class=\"wp-block-media-text__media\"><img loading=\"lazy\" decoding=\"async\" width=\"1024\" height=\"683\" src=\"https:\/\/turisms.adazi.lv\/wp-content\/uploads\/2025\/07\/Promenade_gatava-1581-1024x683.jpg\" alt=\"\" class=\"wp-image-3475 size-full\" srcset=\"https:\/\/turisms.adazi.lv\/wp-content\/uploads\/2025\/07\/Promenade_gatava-1581-1024x683.jpg 1024w, https:\/\/turisms.adazi.lv\/wp-content\/uploads\/2025\/07\/Promenade_gatava-1581-300x200.jpg 300w, https:\/\/turisms.adazi.lv\/wp-content\/uploads\/2025\/07\/Promenade_gatava-1581-768x512.jpg 768w, https:\/\/turisms.adazi.lv\/wp-content\/uploads\/2025\/07\/Promenade_gatava-1581.jpg 1200w\" sizes=\"auto, (max-width: 1024px) 100vw, 1024px\" \/><\/figure><\/div>\n","protected":false},"excerpt":{"rendered":"<p>Carnikava Parish is the most populous territorial unit of \u0100da\u017ei Municipality, with over 9,700 residents living across its 80 km\u00b2 area. During the summer season, the population increases significantly as summerhouse owners and vacationers from all over Latvia return. Carnikava Parish includes several important settlements, among them the largest villages \u2014 Carnikava, Garciems, Gauja, Kalngale, [&hellip;]<\/p>\n","protected":false},"author":1,"featured_media":3466,"parent":0,"menu_order":0,"comment_status":"closed","ping_status":"closed","template":"","meta":{"_acf_changed":false,"footnotes":""},"class_list":["post-3270","page","type-page","status-publish","has-post-thumbnail","hentry"],"acf":[],"yoast_head":"<!-- This site is optimized with the Yoast SEO plugin v26.6 - https:\/\/yoast.com\/wordpress\/plugins\/seo\/ -->\n<title>Carnikava and Carnikava parish - Tourism<\/title>\n<meta name=\"robots\" content=\"index, follow, max-snippet:-1, max-image-preview:large, max-video-preview:-1\" \/>\n<link rel=\"canonical\" href=\"https:\/\/turisms.adazi.lv\/en\/carnikava-and-carnikava-parish\/\" \/>\n<meta property=\"og:locale\" content=\"en_US\" \/>\n<meta property=\"og:type\" content=\"article\" \/>\n<meta property=\"og:title\" content=\"Carnikava and Carnikava parish - Tourism\" \/>\n<meta property=\"og:description\" content=\"Carnikava Parish is the most populous territorial unit of \u0100da\u017ei Municipality, with over 9,700 residents living across its 80 km\u00b2 area. During the summer season, the population increases significantly as summerhouse owners and vacationers from all over Latvia return. Carnikava Parish includes several important settlements, among them the largest villages \u2014 Carnikava, Garciems, Gauja, Kalngale, [&hellip;]\" \/>\n<meta property=\"og:url\" content=\"https:\/\/turisms.adazi.lv\/en\/carnikava-and-carnikava-parish\/\" \/>\n<meta property=\"og:site_name\" content=\"Tourism\" \/>\n<meta property=\"article:modified_time\" content=\"2025-08-06T07:35:17+00:00\" \/>\n<meta property=\"og:image\" content=\"https:\/\/turisms.adazi.lv\/wp-content\/uploads\/2025\/07\/identitate_01.jpg\" \/>\n\t<meta property=\"og:image:width\" content=\"1080\" \/>\n\t<meta property=\"og:image:height\" content=\"1080\" \/>\n\t<meta property=\"og:image:type\" content=\"image\/jpeg\" \/>\n<meta name=\"twitter:card\" content=\"summary_large_image\" \/>\n<meta name=\"twitter:label1\" content=\"Est. reading time\" \/>\n\t<meta name=\"twitter:data1\" content=\"3 minutes\" \/>\n<script type=\"application\/ld+json\" class=\"yoast-schema-graph\">{\"@context\":\"https:\/\/schema.org\",\"@graph\":[{\"@type\":\"WebPage\",\"@id\":\"https:\/\/turisms.adazi.lv\/en\/carnikava-and-carnikava-parish\/\",\"url\":\"https:\/\/turisms.adazi.lv\/en\/carnikava-and-carnikava-parish\/\",\"name\":\"Carnikava and Carnikava parish - Tourism\",\"isPartOf\":{\"@id\":\"https:\/\/turisms.adazi.lv\/en\/#website\"},\"primaryImageOfPage\":{\"@id\":\"https:\/\/turisms.adazi.lv\/en\/carnikava-and-carnikava-parish\/#primaryimage\"},\"image\":{\"@id\":\"https:\/\/turisms.adazi.lv\/en\/carnikava-and-carnikava-parish\/#primaryimage\"},\"thumbnailUrl\":\"https:\/\/turisms.adazi.lv\/wp-content\/uploads\/2025\/07\/identitate_01.jpg\",\"datePublished\":\"2025-06-25T13:24:30+00:00\",\"dateModified\":\"2025-08-06T07:35:17+00:00\",\"breadcrumb\":{\"@id\":\"https:\/\/turisms.adazi.lv\/en\/carnikava-and-carnikava-parish\/#breadcrumb\"},\"inLanguage\":\"en-US\",\"potentialAction\":[{\"@type\":\"ReadAction\",\"target\":[\"https:\/\/turisms.adazi.lv\/en\/carnikava-and-carnikava-parish\/\"]}]},{\"@type\":\"ImageObject\",\"inLanguage\":\"en-US\",\"@id\":\"https:\/\/turisms.adazi.lv\/en\/carnikava-and-carnikava-parish\/#primaryimage\",\"url\":\"https:\/\/turisms.adazi.lv\/wp-content\/uploads\/2025\/07\/identitate_01.jpg\",\"contentUrl\":\"https:\/\/turisms.adazi.lv\/wp-content\/uploads\/2025\/07\/identitate_01.jpg\",\"width\":1080,\"height\":1080},{\"@type\":\"BreadcrumbList\",\"@id\":\"https:\/\/turisms.adazi.lv\/en\/carnikava-and-carnikava-parish\/#breadcrumb\",\"itemListElement\":[{\"@type\":\"ListItem\",\"position\":1,\"name\":\"Home\",\"item\":\"https:\/\/turisms.adazi.lv\/en\/\"},{\"@type\":\"ListItem\",\"position\":2,\"name\":\"Carnikava and Carnikava parish\"}]},{\"@type\":\"WebSite\",\"@id\":\"https:\/\/turisms.adazi.lv\/en\/#website\",\"url\":\"https:\/\/turisms.adazi.lv\/en\/\",\"name\":\"Tourism\",\"description\":\"\u0100da\u017eu novads\",\"potentialAction\":[{\"@type\":\"SearchAction\",\"target\":{\"@type\":\"EntryPoint\",\"urlTemplate\":\"https:\/\/turisms.adazi.lv\/en\/?s={search_term_string}\"},\"query-input\":{\"@type\":\"PropertyValueSpecification\",\"valueRequired\":true,\"valueName\":\"search_term_string\"}}],\"inLanguage\":\"en-US\"}]}<\/script>\n<!-- \/ Yoast SEO plugin. -->","yoast_head_json":{"title":"Carnikava and Carnikava parish - Tourism","robots":{"index":"index","follow":"follow","max-snippet":"max-snippet:-1","max-image-preview":"max-image-preview:large","max-video-preview":"max-video-preview:-1"},"canonical":"https:\/\/turisms.adazi.lv\/en\/carnikava-and-carnikava-parish\/","og_locale":"en_US","og_type":"article","og_title":"Carnikava and Carnikava parish - Tourism","og_description":"Carnikava Parish is the most populous territorial unit of \u0100da\u017ei Municipality, with over 9,700 residents living across its 80 km\u00b2 area. During the summer season, the population increases significantly as summerhouse owners and vacationers from all over Latvia return. Carnikava Parish includes several important settlements, among them the largest villages \u2014 Carnikava, Garciems, Gauja, Kalngale, [&hellip;]","og_url":"https:\/\/turisms.adazi.lv\/en\/carnikava-and-carnikava-parish\/","og_site_name":"Tourism","article_modified_time":"2025-08-06T07:35:17+00:00","og_image":[{"width":1080,"height":1080,"url":"https:\/\/turisms.adazi.lv\/wp-content\/uploads\/2025\/07\/identitate_01.jpg","type":"image\/jpeg"}],"twitter_card":"summary_large_image","twitter_misc":{"Est. reading time":"3 minutes"},"schema":{"@context":"https:\/\/schema.org","@graph":[{"@type":"WebPage","@id":"https:\/\/turisms.adazi.lv\/en\/carnikava-and-carnikava-parish\/","url":"https:\/\/turisms.adazi.lv\/en\/carnikava-and-carnikava-parish\/","name":"Carnikava and Carnikava parish - Tourism","isPartOf":{"@id":"https:\/\/turisms.adazi.lv\/en\/#website"},"primaryImageOfPage":{"@id":"https:\/\/turisms.adazi.lv\/en\/carnikava-and-carnikava-parish\/#primaryimage"},"image":{"@id":"https:\/\/turisms.adazi.lv\/en\/carnikava-and-carnikava-parish\/#primaryimage"},"thumbnailUrl":"https:\/\/turisms.adazi.lv\/wp-content\/uploads\/2025\/07\/identitate_01.jpg","datePublished":"2025-06-25T13:24:30+00:00","dateModified":"2025-08-06T07:35:17+00:00","breadcrumb":{"@id":"https:\/\/turisms.adazi.lv\/en\/carnikava-and-carnikava-parish\/#breadcrumb"},"inLanguage":"en-US","potentialAction":[{"@type":"ReadAction","target":["https:\/\/turisms.adazi.lv\/en\/carnikava-and-carnikava-parish\/"]}]},{"@type":"ImageObject","inLanguage":"en-US","@id":"https:\/\/turisms.adazi.lv\/en\/carnikava-and-carnikava-parish\/#primaryimage","url":"https:\/\/turisms.adazi.lv\/wp-content\/uploads\/2025\/07\/identitate_01.jpg","contentUrl":"https:\/\/turisms.adazi.lv\/wp-content\/uploads\/2025\/07\/identitate_01.jpg","width":1080,"height":1080},{"@type":"BreadcrumbList","@id":"https:\/\/turisms.adazi.lv\/en\/carnikava-and-carnikava-parish\/#breadcrumb","itemListElement":[{"@type":"ListItem","position":1,"name":"Home","item":"https:\/\/turisms.adazi.lv\/en\/"},{"@type":"ListItem","position":2,"name":"Carnikava and Carnikava parish"}]},{"@type":"WebSite","@id":"https:\/\/turisms.adazi.lv\/en\/#website","url":"https:\/\/turisms.adazi.lv\/en\/","name":"Tourism","description":"\u0100da\u017eu novads","potentialAction":[{"@type":"SearchAction","target":{"@type":"EntryPoint","urlTemplate":"https:\/\/turisms.adazi.lv\/en\/?s={search_term_string}"},"query-input":{"@type":"PropertyValueSpecification","valueRequired":true,"valueName":"search_term_string"}}],"inLanguage":"en-US"}]}},"_links":{"self":[{"href":"https:\/\/turisms.adazi.lv\/en\/wp-json\/wp\/v2\/pages\/3270","targetHints":{"allow":["GET"]}}],"collection":[{"href":"https:\/\/turisms.adazi.lv\/en\/wp-json\/wp\/v2\/pages"}],"about":[{"href":"https:\/\/turisms.adazi.lv\/en\/wp-json\/wp\/v2\/types\/page"}],"author":[{"embeddable":true,"href":"https:\/\/turisms.adazi.lv\/en\/wp-json\/wp\/v2\/users\/1"}],"replies":[{"embeddable":true,"href":"https:\/\/turisms.adazi.lv\/en\/wp-json\/wp\/v2\/comments?post=3270"}],"version-history":[{"count":2,"href":"https:\/\/turisms.adazi.lv\/en\/wp-json\/wp\/v2\/pages\/3270\/revisions"}],"predecessor-version":[{"id":3578,"href":"https:\/\/turisms.adazi.lv\/en\/wp-json\/wp\/v2\/pages\/3270\/revisions\/3578"}],"wp:featuredmedia":[{"embeddable":true,"href":"https:\/\/turisms.adazi.lv\/en\/wp-json\/wp\/v2\/media\/3466"}],"wp:attachment":[{"href":"https:\/\/turisms.adazi.lv\/en\/wp-json\/wp\/v2\/media?parent=3270"}],"curies":[{"name":"wp","href":"https:\/\/api.w.org\/{rel}","templated":true}]}}